{"id":98,"date":"2015-01-05T12:48:20","date_gmt":"2015-01-05T11:48:20","guid":{"rendered":"http:\/\/wp.spino.se\/?page_id=98"},"modified":"2015-01-05T12:48:20","modified_gmt":"2015-01-05T11:48:20","slug":"kost","status":"publish","type":"page","link":"https:\/\/www.spino.se\/?page_id=98","title":{"rendered":"Kost"},"content":{"rendered":"<h3>Vi blir vad vi \u00e4ter!<\/h3>\n<p>Att f\u00f6rb\u00e4ttra sin kosth\u00e5llning handlar i huvudsak om motivation och st\u00f6d, mindre om n\u00e4ringsl\u00e4ra.<\/p>\n<p>Exempelvis vet de flesta vad som \u00e4r nyttig mat. D\u00e4remot beh\u00f6vs st\u00f6d och motivation att l\u00e5ngsiktigt f\u00f6r\u00e4ndra en m\u00e4nniskas kosth\u00e5llning till det b\u00e4ttre.<\/p>\n<p>Motivationen till kostf\u00f6rb\u00e4ttring kommer ofta d\u00e5 motionen givit goda effekter.<\/p>\n<p>Spino Friskv\u00e5rd kan hj\u00e4lpa m\u00e4nniskor att finna kostf\u00f6rb\u00e4ttringsmetoder som passar personen b\u00e4st i dennes nuvarande livssituation.<\/p>\n","protected":false},"excerpt":{"rendered":"<p>Vi blir vad vi \u00e4ter! Att f\u00f6rb\u00e4ttra sin kosth\u00e5llning handlar i huvudsak om motivation och st\u00f6d, mindre om n\u00e4ringsl\u00e4ra. Exempelvis vet de flesta vad som \u00e4r nyttig mat. D\u00e4remot beh\u00f6vs st\u00f6d och motivation att l\u00e5ngsiktigt f\u00f6r\u00e4ndra en m\u00e4nniskas kosth\u00e5llning till det b\u00e4ttre. Motivationen till kostf\u00f6rb\u00e4ttring kommer ofta d\u00e5 motionen givit goda effekter. Spino Friskv\u00e5rd kan &hellip;<\/p>\n<p class=\"read-more\"> <a class=\"\" href=\"https:\/\/www.spino.se\/?page_id=98\"> <span class=\"screen-reader-text\">Kost<\/span> L\u00e4s mer &raquo;<\/a><\/p>\n","protected":false},"author":1,"featured_media":0,"parent":0,"menu_order":0,"comment_status":"closed","ping_status":"open","template":"","meta":{"site-sidebar-layout":"default","site-content-layout":"default","ast-global-header-display":"","ast-main-header-display":"","ast-hfb-above-header-display":"","ast-hfb-below-header-display":"","ast-hfb-mobile-header-display":"","site-post-title":"","ast-breadcrumbs-content":"","ast-featured-img":"","footer-sml-layout":"","theme-transparent-header-meta":"","adv-header-id-meta":"","stick-header-meta":"","header-above-stick-meta":"","header-main-stick-meta":"","header-below-stick-meta":"","footnotes":""},"class_list":["post-98","page","type-page","status-publish","hentry"],"_links":{"self":[{"href":"https:\/\/www.spino.se\/index.php?rest_route=\/wp\/v2\/pages\/98","targetHints":{"allow":["GET"]}}],"collection":[{"href":"https:\/\/www.spino.se\/index.php?rest_route=\/wp\/v2\/pages"}],"about":[{"href":"https:\/\/www.spino.se\/index.php?rest_route=\/wp\/v2\/types\/page"}],"author":[{"embeddable":true,"href":"https:\/\/www.spino.se\/index.php?rest_route=\/wp\/v2\/users\/1"}],"replies":[{"embeddable":true,"href":"https:\/\/www.spino.se\/index.php?rest_route=%2Fwp%2Fv2%2Fcomments&post=98"}],"version-history":[{"count":1,"href":"https:\/\/www.spino.se\/index.php?rest_route=\/wp\/v2\/pages\/98\/revisions"}],"predecessor-version":[{"id":99,"href":"https:\/\/www.spino.se\/index.php?rest_route=\/wp\/v2\/pages\/98\/revisions\/99"}],"wp:attachment":[{"href":"https:\/\/www.spino.se\/index.php?rest_route=%2Fwp%2Fv2%2Fmedia&parent=98"}],"curies":[{"name":"wp","href":"https:\/\/api.w.org\/{rel}","templated":true}]}}