{"id":94,"date":"2015-01-05T11:53:34","date_gmt":"2015-01-05T10:53:34","guid":{"rendered":"http:\/\/wp.spino.se\/?page_id=94"},"modified":"2015-01-05T12:46:36","modified_gmt":"2015-01-05T11:46:36","slug":"rehabiliteringstraning","status":"publish","type":"page","link":"https:\/\/www.spino.se\/?page_id=94","title":{"rendered":"Rehabiliteringstr\u00e4ning"},"content":{"rendered":"<p>Rehabiliteringstr\u00e4ning \u00e4r en kombination av muskelbehandling och individanpassad tr\u00e4ning under \u00f6verinseende. M\u00e5lgruppen \u00e4r m\u00e4nniskor som bed\u00f6ms vara i riskzonen f\u00f6r sjukskrivning p g a muskelrelaterade besv\u00e4r.<\/p>\n<h3>Syfte och m\u00e5l<\/h3>\n<p>Syftet \u00e4r att st\u00e4rka och stabilisera muskler under \u00f6verinseende av terapeut. Den l\u00e5ngsiktiga m\u00e5ls\u00e4ttningen \u00e4r att minimera risken f\u00f6r sjukfr\u00e5nvaro.<\/p>\n<h3>Genomf\u00f6rande<\/h3>\n<p>Spino Friskv\u00e5rd anv\u00e4nder utbildade rehabiliteringstr\u00e4nare. Muskelbehandlingarna utf\u00f6rs f\u00f6retr\u00e4desvis p\u00e5 arbetsplatsen medan tr\u00e4ningen sker p\u00e5 motionscenter. Flera patienter kan tr\u00e4nas samtidigt.<\/p>\n<p>De f\u00f6rsta tr\u00e4ningstillf\u00e4llena sker med personligt st\u00f6d p\u00e5 plats. N\u00e4r patienten \u00e4r s\u00e4ker p\u00e5 r\u00f6relseschemat kan denne forts\u00e4tta sj\u00e4lv. Kontinuerliga uppf\u00f6ljningar g\u00f6rs tillsammans med ansvarig terapeut.<\/p>\n","protected":false},"excerpt":{"rendered":"<p>Rehabiliteringstr\u00e4ning \u00e4r en kombination av muskelbehandling och individanpassad tr\u00e4ning under \u00f6verinseende. M\u00e5lgruppen \u00e4r m\u00e4nniskor som bed\u00f6ms vara i riskzonen f\u00f6r sjukskrivning p g a muskelrelaterade besv\u00e4r. Syfte och m\u00e5l Syftet \u00e4r att st\u00e4rka och stabilisera muskler under \u00f6verinseende av terapeut. Den l\u00e5ngsiktiga m\u00e5ls\u00e4ttningen \u00e4r att minimera risken f\u00f6r sjukfr\u00e5nvaro. Genomf\u00f6rande Spino Friskv\u00e5rd anv\u00e4nder utbildade rehabiliteringstr\u00e4nare. &hellip;<\/p>\n<p class=\"read-more\"> <a class=\"\" href=\"https:\/\/www.spino.se\/?page_id=94\"> <span class=\"screen-reader-text\">Rehabiliteringstr\u00e4ning<\/span> L\u00e4s mer &raquo;<\/a><\/p>\n","protected":false},"author":1,"featured_media":0,"parent":0,"menu_order":0,"comment_status":"closed","ping_status":"open","template":"","meta":{"site-sidebar-layout":"default","site-content-layout":"default","ast-global-header-display":"","ast-main-header-display":"","ast-hfb-above-header-display":"","ast-hfb-below-header-display":"","ast-hfb-mobile-header-display":"","site-post-title":"","ast-breadcrumbs-content":"","ast-featured-img":"","footer-sml-layout":"","theme-transparent-header-meta":"","adv-header-id-meta":"","stick-header-meta":"","header-above-stick-meta":"","header-main-stick-meta":"","header-below-stick-meta":"","footnotes":""},"class_list":["post-94","page","type-page","status-publish","hentry"],"_links":{"self":[{"href":"https:\/\/www.spino.se\/index.php?rest_route=\/wp\/v2\/pages\/94","targetHints":{"allow":["GET"]}}],"collection":[{"href":"https:\/\/www.spino.se\/index.php?rest_route=\/wp\/v2\/pages"}],"about":[{"href":"https:\/\/www.spino.se\/index.php?rest_route=\/wp\/v2\/types\/page"}],"author":[{"embeddable":true,"href":"https:\/\/www.spino.se\/index.php?rest_route=\/wp\/v2\/users\/1"}],"replies":[{"embeddable":true,"href":"https:\/\/www.spino.se\/index.php?rest_route=%2Fwp%2Fv2%2Fcomments&post=94"}],"version-history":[{"count":1,"href":"https:\/\/www.spino.se\/index.php?rest_route=\/wp\/v2\/pages\/94\/revisions"}],"predecessor-version":[{"id":95,"href":"https:\/\/www.spino.se\/index.php?rest_route=\/wp\/v2\/pages\/94\/revisions\/95"}],"wp:attachment":[{"href":"https:\/\/www.spino.se\/index.php?rest_route=%2Fwp%2Fv2%2Fmedia&parent=94"}],"curies":[{"name":"wp","href":"https:\/\/api.w.org\/{rel}","templated":true}]}}