{"id":90,"date":"2015-01-05T11:48:21","date_gmt":"2015-01-05T10:48:21","guid":{"rendered":"http:\/\/wp.spino.se\/?page_id=90"},"modified":"2015-01-05T11:48:21","modified_gmt":"2015-01-05T10:48:21","slug":"rehabilitering","status":"publish","type":"page","link":"https:\/\/www.spino.se\/?page_id=90","title":{"rendered":"Rehabilitering"},"content":{"rendered":"<h2>Program f\u00f6r rehabilitering av deltids- och heltidssjukskrivna<\/h2>\n<h3>Inledning<\/h3>\n<p>Spino Friskv\u00e5rd AB tillhandah\u00e5ller ett rehabiliteringsprogram som v\u00e4nder sig till f\u00f6retag som har helt- eller deltidssjukskrivna anst\u00e4llda d\u00e4r grundorsaken \u00e4r besv\u00e4r i r\u00f6relseapparaten och\/eller utmattningsdepression\/utbr\u00e4ndhet.<\/p>\n<p>Programmet utf\u00f6rs i v\u00e5r lokal eller p\u00e5 plats hos arbetsgivaren om l\u00e4mplig lokal finns. Anledningen till att tj\u00e4nsten erbjuds p\u00e5 plats hos arbetsgivaren \u00e4r att arbetstidsbortfallet minimeras och d\u00e4rmed kan en kostnadseffektiv rehabiliteringsinsats utf\u00f6ras.<\/p>\n<p>Att finnas p\u00e5 arbetsplatsen underl\u00e4ttar dels dialogen mellan v\u00e5r personal och arbetsgivaren och dels den anst\u00e4lldes naturliga kontakt med sin arbetsgivare vilket ytterligare effektiviserar rehabiliteringsinsatsen.<\/p>\n<h3>Syfte<\/h3>\n<p>Behandlingsprogrammet stimulerar och motiverar m\u00e4nniskor till att b\u00e5de kort- och l\u00e5ngsiktigt aktivt f\u00f6rb\u00e4ttra sin kondition, fysiska och psykiska h\u00e4lsa med m\u00e5let att \u00f6ka sina m\u00f6jligheter att \u00e5terg\u00e5 till arbetslivet och\/eller klara av arbetsuppgifterna.<\/p>\n<p>Behandlingsprogrammet syftar \u00e4ven till att hj\u00e4lpa m\u00e4nniskor att f\u00f6r\u00e4ndra sitt beteende s\u00e5 att arbetslivet eller andra yrkesinriktade insatser blir s\u00e5 l\u00e5ngsiktigt h\u00e5llbara som m\u00f6jligt.<\/p>\n<h3>M\u00e5ls\u00e4ttning<\/h3>\n<p>M\u00e5let \u00e4r att f\u00e5 den anst\u00e4llde s\u00e5 fort som m\u00f6jligt tillbaka i arbetslivet.<\/p>\n<h3>Genomf\u00f6rande<\/h3>\n<p>Programmet utf\u00f6rs i en tv\u00e5-stegsraket med en intensiv fas de f\u00f6rsta 2-4 veckorna f\u00f6ljt av en l\u00e5ngsiktig fas som l\u00f6per 6-12 m\u00e5nader.<\/p>\n<p>Efter den intensiva fasen sker en utv\u00e4rdering och uppf\u00f6ljning som ligger till grund f\u00f6r utformningen av den l\u00e5ngsiktiga fasen.<\/p>\n<p>Denna fas \u00e4r viktig ur ett beteendef\u00f6r\u00e4ndrande perspektiv. M\u00e5nga \u00e5terkommande behandlingar \u00f6kar chansen till beteendef\u00f6r\u00e4ndring, vilket \u00e4r en f\u00f6ruts\u00e4ttning f\u00f6r ett l\u00e5ngsiktigt h\u00e5llbart resultat.<\/p>\n<p>I denna fas skall ocks\u00e5 deltagaren (den anst\u00e4llde) f\u00f6rs\u00f6ka aktivera sig. Det \u00e4r viktigt att s\u00e5 tidigt som m\u00f6jligt lyckas aktivera deltagaren s\u00e5 att denne sj\u00e4lv kan bidra till sitt tillfrisknande.<\/p>\n<p>I f\u00f6rekommande fall ing\u00e5r \u00e4ven f\u00f6rs\u00f6k med arbetstr\u00e4ning f\u00f6r mjuk \u00e5terg\u00e5ng till arbetslivet.<\/p>\n<p>Vi l\u00e4gger stor vikt ha tid att bygga relationer med deltagaren och skapa ett f\u00f6rtroende vilket underl\u00e4ttar rehabiliteringsarbetets resultat. D\u00e4rf\u00f6r avs\u00e4tter vi ca en timme vid varje enskilt behandlingstillf\u00e4lle.<\/p>\n<p>Aktiviteter som genomf\u00f6rs \u00e4r:<\/p>\n<ul>\n<li><a title=\"\u00c5strandstest\" href=\"https:\/\/www.spino.se\/?page_id=72\">H\u00e4lsoprofilbed\u00f6mning<\/a><\/li>\n<li>Kartl\u00e4ggning av besv\u00e4r<\/li>\n<li>Manuell unders\u00f6kning av r\u00f6relseapparaten<br \/>\nAnalys och planering av rehabiliteringsinsatsen<\/li>\n<li>\u201dPersonligt kontrakt\u201d med deltagaren, vad som f\u00f6rv\u00e4ntas av denne samt m\u00e5ls\u00e4ttning med behandlingsprogrammet<\/li>\n<li><a title=\"Massage\" href=\"https:\/\/www.spino.se\/?page_id=60\">Massage\/Muskelbehandling<\/a><\/li>\n<li>Instruktioner hur deltagaren sj\u00e4lv kan f\u00f6rebygga besv\u00e4ren, t ex genom tr\u00e4ning, t\u00f6jningar, avslappnings\u00f6vningar<\/li>\n<li>Instruktioner till specifik tr\u00e4ning av muskelgrupper<\/li>\n<li>Instruktioner i arbetsplatsergonomi, arbetsbelastning, arbetsmetodik<\/li>\n<li>F\u00f6rslag p\u00e5 aktiviteter som befr\u00e4mjar deltagarens psykiska h\u00e4lsotillst\u00e5nd vid utmattningsdepression\/utbr\u00e4ndhet<\/li>\n<li>F\u00f6rslag p\u00e5 l\u00e4mpliga arbetsuppgifter\/yrken f\u00f6r en l\u00e5ngsiktig h\u00e5llbarhet i arbetslivet<\/li>\n<li>R\u00e5d i kosth\u00e5llning och livsstil<\/li>\n<\/ul>\n<p>Kommunikationen med arbetsgivaren sker alltid inom ramen f\u00f6r tystnadsplikt och personlig integritet.<\/p>\n<p>En f\u00f6retagsjournal uppr\u00e4ttas inneh\u00e5llande hur och vad som ska utf\u00f6ras\/f\u00f6ljas upp av vilka och n\u00e4r. H\u00e4r antecknas ocks\u00e5 kontakten l\u00f6pande som sedan kan f\u00f6ljas upp vid behov.<\/p>\n<p>Den ansvarige hos oss h\u00e5ller kontakt med arbetsgivaren genom t ex m\u00f6ten, e-mail, brev och telefon.<\/p>\n<p>Arbetsgivaren m\u00e5ste inse och vara beredd p\u00e5 att hj\u00e4lpa till att aktivera deltagaren. Tillsammans med arbetsgivaren planerar vi \u00e5tg\u00e4rder f\u00f6r att l\u00e5ngsiktigt st\u00f6dja rehabiliteringens effekter, exempelvis arbetsplatsergonomiska \u00e5tg\u00e4rder, ekonomiskt st\u00f6d f\u00f6r tr\u00e4ning och andra aktiviteter etc. Detta noteras i f\u00f6retagsjournalen.<\/p>\n<h3>Uppf\u00f6ljning<\/h3>\n<p>Genom H\u00e4lsoprofilbed\u00f6mningarna erh\u00e5lls information om kondition och livsstilsm\u00f6nster.<\/p>\n<p>Behandlingarna f\u00f6ljs upp genom att patientjournal f\u00f6rs d\u00e4r anamnes (deltagarens egenber\u00e4ttade h\u00e4lsotillst\u00e5nd) och behandling fortl\u00f6pande dokumenteras. \u00c4ven ev. kontakt med andra akt\u00f6rer noteras.<\/p>\n<p>Efter den f\u00f6rsta intensiva fasen samt efter den sista l\u00e5ngsiktiga fasen ges deltagaren m\u00f6jlighet att utv\u00e4rdera rehabiliteringsinsatsen genom ett svarsformul\u00e4r.<\/p>\n<p>Efter den sista l\u00e5ngsiktiga fasen g\u00f6rs en ny h\u00e4lsoprofilbed\u00f6mning, kartl\u00e4ggning och utv\u00e4rdering som sedan j\u00e4mf\u00f6rs med den inledande unders\u00f6kningen.<\/p>\n<p>En slutgiltig rapport beskriver rehabiliteringsprogrammets resultat och utg\u00f6r nytt beslutsunderlag f\u00f6r kommande friskv\u00e5rdsinsatser.<\/p>\n<h3>Kvalitetss\u00e4kring<\/h3>\n<p>Personalen \u00e4r erfaren, v\u00e4lutbildad samt innehar certifiering eller auktorisation genom branschorganen.<\/p>\n<p>Vi l\u00e4gger stor vikt vid att m\u00e4ta effekterna av insatserna p\u00e5 b\u00e5de kort- och l\u00e5ng tid. Ett antal olika dokumentationsmetoder anv\u00e4nds i syfte att belysa effekterna ur ett helhetsperspektiv:<\/p>\n<ul>\n<li>H\u00e4lsoprofilbed\u00f6mning \u2013 den enskilde svarar p\u00e5 fr\u00e5gor om h\u00e4lsa och livsstil samt utf\u00f6r fysiska tester. Detta g\u00f6rs i b\u00f6rjan och i slutet av insatsperioden s\u00e5 att de l\u00e5ngsiktiga effekterna kan redovisas.<\/li>\n<li>Patientjournal \u2013 kontinuerligt uppdaterad historik av anamnes och behandlingar.<\/li>\n<li>F\u00f6retagsjournal \u2013 information om hur kontaken med f\u00f6retaget skall fortl\u00f6pa.<\/li>\n<li>Programutv\u00e4rdering \u2013 deltagaren utv\u00e4rderar rehabiliteringsinsatsen.<\/li>\n<li>Slutrapport &#8211; efter rehabiliteringsperioden sammanfattas insatsen.<\/li>\n<\/ul>\n<p>Dokumenten ligger till grund f\u00f6r att arbetsgivaren kan:<\/p>\n<ul>\n<li>Analysera h\u00e4lsotillst\u00e5nd, inom ramen f\u00f6r tystnadsplikt och personlig integritet.<\/li>\n<li>M\u00e4ta och f\u00f6lja upp effekterna av insatserna.<\/li>\n<li>Besluta om fortsatta, framtida friskv\u00e5rdsinsatser.<\/li>\n<li>Besluta om l\u00e5ngsiktiga l\u00f6sningar av arbetsuppgifter och yrkesval.<\/li>\n<\/ul>\n","protected":false},"excerpt":{"rendered":"<p>Program f\u00f6r rehabilitering av deltids- och heltidssjukskrivna Inledning Spino Friskv\u00e5rd AB tillhandah\u00e5ller ett rehabiliteringsprogram som v\u00e4nder sig till f\u00f6retag som har helt- eller deltidssjukskrivna anst\u00e4llda d\u00e4r grundorsaken \u00e4r besv\u00e4r i r\u00f6relseapparaten och\/eller utmattningsdepression\/utbr\u00e4ndhet. Programmet utf\u00f6rs i v\u00e5r lokal eller p\u00e5 plats hos arbetsgivaren om l\u00e4mplig lokal finns. Anledningen till att tj\u00e4nsten erbjuds p\u00e5 plats hos &hellip;<\/p>\n<p class=\"read-more\"> <a class=\"\" href=\"https:\/\/www.spino.se\/?page_id=90\"> <span class=\"screen-reader-text\">Rehabilitering<\/span> L\u00e4s mer &raquo;<\/a><\/p>\n","protected":false},"author":1,"featured_media":0,"parent":0,"menu_order":0,"comment_status":"closed","ping_status":"open","template":"","meta":{"site-sidebar-layout":"default","site-content-layout":"default","ast-global-header-display":"","ast-main-header-display":"","ast-hfb-above-header-display":"","ast-hfb-below-header-display":"","ast-hfb-mobile-header-display":"","site-post-title":"","ast-breadcrumbs-content":"","ast-featured-img":"","footer-sml-layout":"","theme-transparent-header-meta":"","adv-header-id-meta":"","stick-header-meta":"","header-above-stick-meta":"","header-main-stick-meta":"","header-below-stick-meta":"","footnotes":""},"class_list":["post-90","page","type-page","status-publish","hentry"],"_links":{"self":[{"href":"https:\/\/www.spino.se\/index.php?rest_route=\/wp\/v2\/pages\/90","targetHints":{"allow":["GET"]}}],"collection":[{"href":"https:\/\/www.spino.se\/index.php?rest_route=\/wp\/v2\/pages"}],"about":[{"href":"https:\/\/www.spino.se\/index.php?rest_route=\/wp\/v2\/types\/page"}],"author":[{"embeddable":true,"href":"https:\/\/www.spino.se\/index.php?rest_route=\/wp\/v2\/users\/1"}],"replies":[{"embeddable":true,"href":"https:\/\/www.spino.se\/index.php?rest_route=%2Fwp%2Fv2%2Fcomments&post=90"}],"version-history":[{"count":1,"href":"https:\/\/www.spino.se\/index.php?rest_route=\/wp\/v2\/pages\/90\/revisions"}],"predecessor-version":[{"id":91,"href":"https:\/\/www.spino.se\/index.php?rest_route=\/wp\/v2\/pages\/90\/revisions\/91"}],"wp:attachment":[{"href":"https:\/\/www.spino.se\/index.php?rest_route=%2Fwp%2Fv2%2Fmedia&parent=90"}],"curies":[{"name":"wp","href":"https:\/\/api.w.org\/{rel}","templated":true}]}}