{"id":66,"date":"2015-01-05T11:15:10","date_gmt":"2015-01-05T10:15:10","guid":{"rendered":"http:\/\/wp.spino.se\/?page_id=66"},"modified":"2015-01-05T16:18:03","modified_gmt":"2015-01-05T15:18:03","slug":"naringsterapi","status":"publish","type":"page","link":"https:\/\/www.spino.se\/?page_id=66","title":{"rendered":"N\u00e4ringsterapi"},"content":{"rendered":"<p>Trots all kunskap om v\u00e5r f\u00f6da lever m\u00e4nniskor i Sverige med konstant n\u00e4ringsbrist. Detta beror fr\u00e4mst p\u00e5 n\u00e4ringsfattig\/felaktig kost, milj\u00f6gifter, stress, genetiska faktorer och mediciner. L\u00e5ngvarig n\u00e4ringsbrist leder till sjukdom.<\/p>\n<p>N\u00e4ringsterapi handlar om att tillf\u00f6ra en m\u00e4nniska r\u00e4tt sorts n\u00e4ring av god kvalitet med m\u00e5let att \u00e5terst\u00e4lla kroppens funktioner och sj\u00e4lvl\u00e4kande f\u00f6rm\u00e5ga.<\/p>\n<p>Som diagnosmetod anv\u00e4nds <a title=\"Kinesiologi\" href=\"https:\/\/www.spino.se\/?page_id=62\">klinisk kinesiologi<\/a> och <a title=\"H\u00e5rmineralanalys\" href=\"https:\/\/www.spino.se\/?page_id=68\">h\u00e5rmineralanalys<\/a> samt resultaten fr\u00e5n skolmedicinska tester utf\u00f6rda av sjukv\u00e5rden.<\/p>\n<p>N\u00e4rings\u00e4mnen som tillf\u00f6rs kan vara proteiner, fetter, kolhydrater, vitaminer, mineraler, enzymer, bakterier m m i koncentrerade former fr\u00e5n naturliga k\u00e4llor.<\/p>\n<p><a href=\"http:\/\/naringscenter.se\/\" target=\"_blank\">F\u00f6r mer info klicka h\u00e4r \u00bb<\/a><\/p>\n","protected":false},"excerpt":{"rendered":"<p>Trots all kunskap om v\u00e5r f\u00f6da lever m\u00e4nniskor i Sverige med konstant n\u00e4ringsbrist. Detta beror fr\u00e4mst p\u00e5 n\u00e4ringsfattig\/felaktig kost, milj\u00f6gifter, stress, genetiska faktorer och mediciner. L\u00e5ngvarig n\u00e4ringsbrist leder till sjukdom. N\u00e4ringsterapi handlar om att tillf\u00f6ra en m\u00e4nniska r\u00e4tt sorts n\u00e4ring av god kvalitet med m\u00e5let att \u00e5terst\u00e4lla kroppens funktioner och sj\u00e4lvl\u00e4kande f\u00f6rm\u00e5ga. Som diagnosmetod anv\u00e4nds &hellip;<\/p>\n<p class=\"read-more\"> <a class=\"\" href=\"https:\/\/www.spino.se\/?page_id=66\"> <span class=\"screen-reader-text\">N\u00e4ringsterapi<\/span> L\u00e4s mer &raquo;<\/a><\/p>\n","protected":false},"author":1,"featured_media":0,"parent":0,"menu_order":0,"comment_status":"closed","ping_status":"open","template":"","meta":{"site-sidebar-layout":"default","site-content-layout":"default","ast-global-header-display":"","ast-main-header-display":"","ast-hfb-above-header-display":"","ast-hfb-below-header-display":"","ast-hfb-mobile-header-display":"","site-post-title":"","ast-breadcrumbs-content":"","ast-featured-img":"","footer-sml-layout":"","theme-transparent-header-meta":"","adv-header-id-meta":"","stick-header-meta":"","header-above-stick-meta":"","header-main-stick-meta":"","header-below-stick-meta":"","footnotes":""},"class_list":["post-66","page","type-page","status-publish","hentry"],"_links":{"self":[{"href":"https:\/\/www.spino.se\/index.php?rest_route=\/wp\/v2\/pages\/66","targetHints":{"allow":["GET"]}}],"collection":[{"href":"https:\/\/www.spino.se\/index.php?rest_route=\/wp\/v2\/pages"}],"about":[{"href":"https:\/\/www.spino.se\/index.php?rest_route=\/wp\/v2\/types\/page"}],"author":[{"embeddable":true,"href":"https:\/\/www.spino.se\/index.php?rest_route=\/wp\/v2\/users\/1"}],"replies":[{"embeddable":true,"href":"https:\/\/www.spino.se\/index.php?rest_route=%2Fwp%2Fv2%2Fcomments&post=66"}],"version-history":[{"count":4,"href":"https:\/\/www.spino.se\/index.php?rest_route=\/wp\/v2\/pages\/66\/revisions"}],"predecessor-version":[{"id":129,"href":"https:\/\/www.spino.se\/index.php?rest_route=\/wp\/v2\/pages\/66\/revisions\/129"}],"wp:attachment":[{"href":"https:\/\/www.spino.se\/index.php?rest_route=%2Fwp%2Fv2%2Fmedia&parent=66"}],"curies":[{"name":"wp","href":"https:\/\/api.w.org\/{rel}","templated":true}]}}