{"id":64,"date":"2015-01-05T11:13:14","date_gmt":"2015-01-05T10:13:14","guid":{"rendered":"http:\/\/wp.spino.se\/?page_id=64"},"modified":"2015-01-17T00:55:00","modified_gmt":"2015-01-16T23:55:00","slug":"kraniosakral-behandling","status":"publish","type":"page","link":"https:\/\/www.spino.se\/?page_id=64","title":{"rendered":"Kraniosakral behandling"},"content":{"rendered":"<p>Kraniosakral behandling som \u00e4ven kallas sakro-kraniell behandling, har utvecklats och anv\u00e4nts av amerikanska osteopater [1] sedan 1800-talet.<\/p>\n<p>Namnet syftar till omr\u00e5den som behandlas, n\u00e4mligen kraniet (huvudet) och sakrum (korsryggen).<\/p>\n<p>Hj\u00e4rnan och ryggm\u00e4rgen omsluts av v\u00e4tska som skyddar samt ombes\u00f6rjer transport av livsviktiga \u00e4mnen till och fr\u00e5n cellerna i omr\u00e5det.<\/p>\n<p>Det \u00e4r viktigt att det finns ett j\u00e4mnt fl\u00f6de av v\u00e4tska men ibland kan detta fl\u00f6de vara nedsatt med negativa effekter p\u00e5 v\u00e4vnaden som f\u00f6ljd, vilket i sin tur kan skapa nedsatt h\u00e4lsa.<\/p>\n<p>Kraniosakral behandling g\u00e5r ut p\u00e5 att f\u00f6rs\u00f6ka l\u00f6sg\u00f6ra eventuella hinder av fl\u00f6det hos hj\u00e4rn- och ryggm\u00e4rgsv\u00e4tskan.<\/p>\n<p>Liksom <a title=\"Kinesiologi\" href=\"https:\/\/www.spino.se\/?page_id=62\">klinisk kinesiologi<\/a> utf\u00f6rs behandling odramatiskt med patienten liggandes p\u00e5kl\u00e4dd p\u00e5 rygg p\u00e5 en behandlingsbrits.<br \/>\nF\u00f6r mer info <a href=\"http:\/\/www.craniosacral.co.uk\" target=\"_blank\">http:\/\/www.craniosacral.co.uk\/<\/a>.<\/p>\n<p>&#8212;&#8212;&#8212;&#8212;&#8212;&#8212;&#8211;<\/p>\n<p>[1]Osteopati \u00e4r en manuell terapiform som skapades p\u00e5 1800-talet av amerikanska l\u00e4kare och \u00e4r ursprunget till andra moderna manuella terapiformer som kiropraktik och naprapati. L\u00e4s mer p\u00e5 <a href=\"http:\/\/www.osteopatforbundet.se\" target=\"_blank\">http:\/\/www.osteopatforbundet.se<\/a><\/p>\n","protected":false},"excerpt":{"rendered":"<p>Kraniosakral behandling som \u00e4ven kallas sakro-kraniell behandling, har utvecklats och anv\u00e4nts av amerikanska osteopater [1] sedan 1800-talet. Namnet syftar till omr\u00e5den som behandlas, n\u00e4mligen kraniet (huvudet) och sakrum (korsryggen). Hj\u00e4rnan och ryggm\u00e4rgen omsluts av v\u00e4tska som skyddar samt ombes\u00f6rjer transport av livsviktiga \u00e4mnen till och fr\u00e5n cellerna i omr\u00e5det. Det \u00e4r viktigt att det finns &hellip;<\/p>\n<p class=\"read-more\"> <a class=\"\" href=\"https:\/\/www.spino.se\/?page_id=64\"> <span class=\"screen-reader-text\">Kraniosakral behandling<\/span> L\u00e4s mer &raquo;<\/a><\/p>\n","protected":false},"author":1,"featured_media":0,"parent":0,"menu_order":0,"comment_status":"closed","ping_status":"open","template":"","meta":{"site-sidebar-layout":"default","site-content-layout":"default","ast-global-header-display":"","ast-main-header-display":"","ast-hfb-above-header-display":"","ast-hfb-below-header-display":"","ast-hfb-mobile-header-display":"","site-post-title":"","ast-breadcrumbs-content":"","ast-featured-img":"","footer-sml-layout":"","theme-transparent-header-meta":"","adv-header-id-meta":"","stick-header-meta":"","header-above-stick-meta":"","header-main-stick-meta":"","header-below-stick-meta":"","footnotes":""},"class_list":["post-64","page","type-page","status-publish","hentry"],"_links":{"self":[{"href":"https:\/\/www.spino.se\/index.php?rest_route=\/wp\/v2\/pages\/64","targetHints":{"allow":["GET"]}}],"collection":[{"href":"https:\/\/www.spino.se\/index.php?rest_route=\/wp\/v2\/pages"}],"about":[{"href":"https:\/\/www.spino.se\/index.php?rest_route=\/wp\/v2\/types\/page"}],"author":[{"embeddable":true,"href":"https:\/\/www.spino.se\/index.php?rest_route=\/wp\/v2\/users\/1"}],"replies":[{"embeddable":true,"href":"https:\/\/www.spino.se\/index.php?rest_route=%2Fwp%2Fv2%2Fcomments&post=64"}],"version-history":[{"count":3,"href":"https:\/\/www.spino.se\/index.php?rest_route=\/wp\/v2\/pages\/64\/revisions"}],"predecessor-version":[{"id":212,"href":"https:\/\/www.spino.se\/index.php?rest_route=\/wp\/v2\/pages\/64\/revisions\/212"}],"wp:attachment":[{"href":"https:\/\/www.spino.se\/index.php?rest_route=%2Fwp%2Fv2%2Fmedia&parent=64"}],"curies":[{"name":"wp","href":"https:\/\/api.w.org\/{rel}","templated":true}]}}