{"id":62,"date":"2015-01-05T11:11:24","date_gmt":"2015-01-05T10:11:24","guid":{"rendered":"http:\/\/wp.spino.se\/?page_id=62"},"modified":"2015-01-17T00:57:30","modified_gmt":"2015-01-16T23:57:30","slug":"kinesiologi","status":"publish","type":"page","link":"https:\/\/www.spino.se\/?page_id=62","title":{"rendered":"Kinesiologi"},"content":{"rendered":"<h3>Kinesiologi &#8211; ett effektivt s\u00e4tt att kommunicera med kroppens nervsystem<\/h3>\n<p>Ordet kinesiologi kommer fr\u00e5n grekiskans kinesis som betyder r\u00f6relse och logi som betyder \u201dl\u00e4ran om\u201d. Inom klinisk kinesiologi anv\u00e4nds manuella muskeltester (inga apparater) f\u00f6r att diagnostisera olika obalanser och brister i kroppens funktioner. De senaste 30 \u00e5ren har stora framsteg gjorts tack vare intensiv forskning i USA och Storbritannien.<\/p>\n<h3>Klinisk kinesiologi<\/h3>\n<p>Klinisk kinesiologi \u00e4r den gren inom kinesiologin som vi arbetar med. Den \u00e4r den mest omfattande och djupg\u00e5ende metoden, utvecklat av Dr Allan G. Beardall, Oregon, USA. Fortsatt forskning sker bl a genom Richard Holding, Dr of Osteopathy, London, England.<\/p>\n<h3>Obalanser och brister<\/h3>\n<p>Obalanser och brister kan finnas i nervsystem, hormonsystem, immunf\u00f6rsvar, mage\/tarmar, samtliga organ, muskler, leder etc och vara orsakade av tungmetaller, kemikalier, n\u00e4ringsbrist, mikroorganismer, psykiska p\u00e5frestningar, trauman m m.<br \/>\nDessa obalanser och brister kan leda till olika tillst\u00e5nd av nedsatt h\u00e4lsa.<\/p>\n<h3>Diagnos<\/h3>\n<p>Med klinisk kinesiologi identifieras f\u00f6rst obalanserna\/bristerna och sedan provas vilken typ av hj\u00e4lp och st\u00f6d kroppen \u00f6nskar f\u00f6r att kunna \u00e5terst\u00e4lla balansen.<\/p>\n<h3>St\u00f6dja kroppen<\/h3>\n<p>St\u00f6det kan vara i form av \u00e4mnen som t ex mineraler, vitaminer, \u00f6rter men det kan \u00e4ven vara manuella terapiformer som kroppen anser att den beh\u00f6ver t ex massage, akupunktur, muskel\/ledbehandling, <a title=\"Kraniosakral behandling\" href=\"https:\/\/www.spino.se\/?page_id=64\">kraniosakral terapi<\/a>.<\/p>\n<p>Kroppen f\u00e5r helt enkelt sj\u00e4lv v\u00e4lja den terapiform som den anser sig beh\u00f6va som st\u00f6d f\u00f6r att r\u00e4tta till obalanser och brister.<\/p>\n<h3>Varf\u00f6r k\u00f6pa och \u00e4ta preparat om kroppen \u00e4nd\u00e5 inte tillgodog\u00f6r sig det ?<\/h3>\n<p>Patienten kan ta med sig egenink\u00f6pta preparat som kan testas.<\/p>\n<p>Behandlingen utf\u00f6rs med patienten p\u00e5kl\u00e4dd, liggandes p\u00e5 rygg p\u00e5 en behandlingsbrits.<\/p>\n<p>F\u00f6r mer info <a href=\"http:\/\/www.kroppsterapeuterna.se\/yrkeskategorier\/kinesiologi\/\" target=\"_blank\">www.kroppsterapeuterna.se\/kinesiologi<\/a><\/p>\n","protected":false},"excerpt":{"rendered":"<p>Kinesiologi &#8211; ett effektivt s\u00e4tt att kommunicera med kroppens nervsystem Ordet kinesiologi kommer fr\u00e5n grekiskans kinesis som betyder r\u00f6relse och logi som betyder \u201dl\u00e4ran om\u201d. Inom klinisk kinesiologi anv\u00e4nds manuella muskeltester (inga apparater) f\u00f6r att diagnostisera olika obalanser och brister i kroppens funktioner. De senaste 30 \u00e5ren har stora framsteg gjorts tack vare intensiv forskning &hellip;<\/p>\n<p class=\"read-more\"> <a class=\"\" href=\"https:\/\/www.spino.se\/?page_id=62\"> <span class=\"screen-reader-text\">Kinesiologi<\/span> L\u00e4s mer &raquo;<\/a><\/p>\n","protected":false},"author":1,"featured_media":0,"parent":0,"menu_order":0,"comment_status":"closed","ping_status":"open","template":"","meta":{"site-sidebar-layout":"default","site-content-layout":"default","ast-global-header-display":"","ast-main-header-display":"","ast-hfb-above-header-display":"","ast-hfb-below-header-display":"","ast-hfb-mobile-header-display":"","site-post-title":"","ast-breadcrumbs-content":"","ast-featured-img":"","footer-sml-layout":"","theme-transparent-header-meta":"","adv-header-id-meta":"","stick-header-meta":"","header-above-stick-meta":"","header-main-stick-meta":"","header-below-stick-meta":"","footnotes":""},"class_list":["post-62","page","type-page","status-publish","hentry"],"_links":{"self":[{"href":"https:\/\/www.spino.se\/index.php?rest_route=\/wp\/v2\/pages\/62","targetHints":{"allow":["GET"]}}],"collection":[{"href":"https:\/\/www.spino.se\/index.php?rest_route=\/wp\/v2\/pages"}],"about":[{"href":"https:\/\/www.spino.se\/index.php?rest_route=\/wp\/v2\/types\/page"}],"author":[{"embeddable":true,"href":"https:\/\/www.spino.se\/index.php?rest_route=\/wp\/v2\/users\/1"}],"replies":[{"embeddable":true,"href":"https:\/\/www.spino.se\/index.php?rest_route=%2Fwp%2Fv2%2Fcomments&post=62"}],"version-history":[{"count":4,"href":"https:\/\/www.spino.se\/index.php?rest_route=\/wp\/v2\/pages\/62\/revisions"}],"predecessor-version":[{"id":214,"href":"https:\/\/www.spino.se\/index.php?rest_route=\/wp\/v2\/pages\/62\/revisions\/214"}],"wp:attachment":[{"href":"https:\/\/www.spino.se\/index.php?rest_route=%2Fwp%2Fv2%2Fmedia&parent=62"}],"curies":[{"name":"wp","href":"https:\/\/api.w.org\/{rel}","templated":true}]}}