{"id":56,"date":"2015-01-05T11:03:27","date_gmt":"2015-01-05T10:03:27","guid":{"rendered":"http:\/\/wp.spino.se\/?page_id=56"},"modified":"2015-01-17T00:59:55","modified_gmt":"2015-01-16T23:59:55","slug":"integrativ-dornterapi-ett-mjukt-satt-att-slappa-pa-lasningar-i-leder","status":"publish","type":"page","link":"https:\/\/www.spino.se\/?page_id=56","title":{"rendered":"Dornterapi"},"content":{"rendered":"<h3>Integrativ Dornterapi &#8211; ett mjukt s\u00e4tt att sl\u00e4ppa p\u00e5 l\u00e5sningar i leder<\/h3>\n<p>Dornterapi \u00e4r en behandlingsmetod som innefattar att man med mjuka, f\u00f6rsiktiga manuella grepp korrigerar f\u00f6rskjutningar och blockeringar i ryggraden och lederna med ett best\u00e5ende resultat.<\/p>\n<p>Behandlingen inriktar sig i huvudsak p\u00e5 problem i skelett och muskler.<\/p>\n<p>Snedst\u00e4llningar i ryggraden r\u00e4ttas till och spinalnerverna i ryggraden frig\u00f6rs.<\/p>\n<p>D\u00e4rigenom p\u00e5verkas \u00e4ven de inre organen positivt.<\/p>\n<p>Dornterapi \u00e4r en helhetsbehandling som g\u00f6r att de skelettala, muskul\u00e4ra och myofasciala (bindv\u00e4v) systemen kan fungera optimalt.<br \/>\nF\u00f6r mer info <a href=\"http:\/\/www.dornmethod.se\" target=\"_blank\">http:\/\/www.dornmethod.se<\/a><\/p>\n","protected":false},"excerpt":{"rendered":"<p>Integrativ Dornterapi &#8211; ett mjukt s\u00e4tt att sl\u00e4ppa p\u00e5 l\u00e5sningar i leder Dornterapi \u00e4r en behandlingsmetod som innefattar att man med mjuka, f\u00f6rsiktiga manuella grepp korrigerar f\u00f6rskjutningar och blockeringar i ryggraden och lederna med ett best\u00e5ende resultat. Behandlingen inriktar sig i huvudsak p\u00e5 problem i skelett och muskler. Snedst\u00e4llningar i ryggraden r\u00e4ttas till och spinalnerverna &hellip;<\/p>\n<p class=\"read-more\"> <a class=\"\" href=\"https:\/\/www.spino.se\/?page_id=56\"> <span class=\"screen-reader-text\">Dornterapi<\/span> L\u00e4s mer &raquo;<\/a><\/p>\n","protected":false},"author":1,"featured_media":0,"parent":0,"menu_order":0,"comment_status":"closed","ping_status":"open","template":"","meta":{"site-sidebar-layout":"default","site-content-layout":"default","ast-global-header-display":"","ast-main-header-display":"","ast-hfb-above-header-display":"","ast-hfb-below-header-display":"","ast-hfb-mobile-header-display":"","site-post-title":"","ast-breadcrumbs-content":"","ast-featured-img":"","footer-sml-layout":"","theme-transparent-header-meta":"","adv-header-id-meta":"","stick-header-meta":"","header-above-stick-meta":"","header-main-stick-meta":"","header-below-stick-meta":"","footnotes":""},"class_list":["post-56","page","type-page","status-publish","hentry"],"_links":{"self":[{"href":"https:\/\/www.spino.se\/index.php?rest_route=\/wp\/v2\/pages\/56","targetHints":{"allow":["GET"]}}],"collection":[{"href":"https:\/\/www.spino.se\/index.php?rest_route=\/wp\/v2\/pages"}],"about":[{"href":"https:\/\/www.spino.se\/index.php?rest_route=\/wp\/v2\/types\/page"}],"author":[{"embeddable":true,"href":"https:\/\/www.spino.se\/index.php?rest_route=\/wp\/v2\/users\/1"}],"replies":[{"embeddable":true,"href":"https:\/\/www.spino.se\/index.php?rest_route=%2Fwp%2Fv2%2Fcomments&post=56"}],"version-history":[{"count":3,"href":"https:\/\/www.spino.se\/index.php?rest_route=\/wp\/v2\/pages\/56\/revisions"}],"predecessor-version":[{"id":216,"href":"https:\/\/www.spino.se\/index.php?rest_route=\/wp\/v2\/pages\/56\/revisions\/216"}],"wp:attachment":[{"href":"https:\/\/www.spino.se\/index.php?rest_route=%2Fwp%2Fv2%2Fmedia&parent=56"}],"curies":[{"name":"wp","href":"https:\/\/api.w.org\/{rel}","templated":true}]}}