{"id":2,"date":"2012-12-20T14:14:03","date_gmt":"2012-12-20T14:14:03","guid":{"rendered":"http:\/\/wp.spino.se\/?page_id=2"},"modified":"2025-11-07T16:47:48","modified_gmt":"2025-11-07T15:47:48","slug":"exempelsida","status":"publish","type":"page","link":"https:\/\/www.spino.se\/","title":{"rendered":"V\u00e4lkommen till Spino Friskv\u00e5rd"},"content":{"rendered":"\n<figure class=\"wp-block-image size-full\"><a href=\"https:\/\/www.spino.se\/wp-content\/uploads\/2023\/04\/blueforest.jpg\"><img loading=\"lazy\" decoding=\"async\" width=\"1011\" height=\"396\" src=\"https:\/\/www.spino.se\/wp-content\/uploads\/2023\/04\/blueforest.jpg\" alt=\"\" class=\"wp-image-319\" srcset=\"https:\/\/www.spino.se\/wp-content\/uploads\/2023\/04\/blueforest.jpg 1011w, https:\/\/www.spino.se\/wp-content\/uploads\/2023\/04\/blueforest-300x118.jpg 300w, https:\/\/www.spino.se\/wp-content\/uploads\/2023\/04\/blueforest-768x301.jpg 768w\" sizes=\"auto, (max-width: 1011px) 100vw, 1011px\" \/><\/a><\/figure>\n\n\n<h1>V\u00e4lkommen till Spino Friskv\u00e5rd<\/h1>\n<p>Spino Friskv\u00e5rd tillhandah\u00e5ller friskv\u00e5rdstj\u00e4nster b\u00e5de p\u00e5 plats hos f\u00f6retag i M\u00e4lardalen och i v\u00e5ra lokaler: Vegagatan 2 (Simon &amp; Jocke) &amp; Farledsgatan 5 (Attila) i V\u00e4ster\u00e5s.<\/p>\n<p>Vi har en holistisk syn p\u00e5 m\u00e4nniskan och erbjuder d\u00e4rf\u00f6r ett friskv\u00e5rdskoncept omfattande massage, n\u00e4ringsterapi, rehabilitering, med mera.<\/p>\n<p>Alla \u00e4r v\u00e4lkomna &#8211; privatpersoner som f\u00f6retag.<\/p>","protected":false},"excerpt":{"rendered":"<p>V\u00e4lkommen till Spino Friskv\u00e5rd Spino Friskv\u00e5rd tillhandah\u00e5ller friskv\u00e5rdstj\u00e4nster b\u00e5de p\u00e5 plats hos f\u00f6retag i M\u00e4lardalen och i v\u00e5ra lokaler: Vegagatan 2 (Simon &amp; Jocke) &amp; Farledsgatan 5 (Attila) i V\u00e4ster\u00e5s. Vi har en holistisk syn p\u00e5 m\u00e4nniskan och erbjuder d\u00e4rf\u00f6r ett friskv\u00e5rdskoncept omfattande massage, n\u00e4ringsterapi, rehabilitering, med mera. Alla \u00e4r v\u00e4lkomna &#8211; privatpersoner som f\u00f6retag.<\/p>\n","protected":false},"author":1,"featured_media":0,"parent":0,"menu_order":0,"comment_status":"closed","ping_status":"open","template":"","meta":{"site-sidebar-layout":"default","site-content-layout":"default","ast-global-header-display":"","ast-main-header-display":"","ast-hfb-above-header-display":"","ast-hfb-below-header-display":"","ast-hfb-mobile-header-display":"","site-post-title":"disabled","ast-breadcrumbs-content":"","ast-featured-img":"","footer-sml-layout":"","theme-transparent-header-meta":"","adv-header-id-meta":"","stick-header-meta":"","header-above-stick-meta":"","header-main-stick-meta":"","header-below-stick-meta":"","footnotes":""},"class_list":["post-2","page","type-page","status-publish","hentry"],"_links":{"self":[{"href":"https:\/\/www.spino.se\/index.php?rest_route=\/wp\/v2\/pages\/2","targetHints":{"allow":["GET"]}}],"collection":[{"href":"https:\/\/www.spino.se\/index.php?rest_route=\/wp\/v2\/pages"}],"about":[{"href":"https:\/\/www.spino.se\/index.php?rest_route=\/wp\/v2\/types\/page"}],"author":[{"embeddable":true,"href":"https:\/\/www.spino.se\/index.php?rest_route=\/wp\/v2\/users\/1"}],"replies":[{"embeddable":true,"href":"https:\/\/www.spino.se\/index.php?rest_route=%2Fwp%2Fv2%2Fcomments&post=2"}],"version-history":[{"count":10,"href":"https:\/\/www.spino.se\/index.php?rest_route=\/wp\/v2\/pages\/2\/revisions"}],"predecessor-version":[{"id":365,"href":"https:\/\/www.spino.se\/index.php?rest_route=\/wp\/v2\/pages\/2\/revisions\/365"}],"wp:attachment":[{"href":"https:\/\/www.spino.se\/index.php?rest_route=%2Fwp%2Fv2%2Fmedia&parent=2"}],"curies":[{"name":"wp","href":"https:\/\/api.w.org\/{rel}","templated":true}]}}