{"id":106,"date":"2015-01-05T13:00:04","date_gmt":"2015-01-05T12:00:04","guid":{"rendered":"http:\/\/wp.spino.se\/?page_id=106"},"modified":"2025-09-24T18:54:44","modified_gmt":"2025-09-24T16:54:44","slug":"kontakta-oss","status":"publish","type":"page","link":"https:\/\/www.spino.se\/?page_id=106","title":{"rendered":"Kontakta oss"},"content":{"rendered":"<p><strong>Postadress:<\/strong><\/p>\n<p>Spino Friskv\u00e5rd AB (org.nr 556314-3147)<br \/>\nVegagatan 2<br \/>\n722 23 V\u00e4ster\u00e5s<br \/>\nTel. 021-38 20 80<br \/>\n<a href=\"mailto:info@spino.se\">info@spino.se<\/a><\/p>\n<p><strong>Kontaktpersoner:<\/strong><\/p>\n<p>Joakim Andersson<br \/>\nTidsbokning: 0707-41 09 76<br \/>\nBes\u00f6ksadress: Vegagatan 2<br \/>\nBes\u00f6ksparkering finns utanf\u00f6r lokalen.<br \/>\n<a href=\"mailto:joakim.andersson@spino.se\">jocke@spino.se<\/a><\/p>\n<p>Attila Flamborg<br \/>\nTidsbokning: 0708-111 639<br \/>\nBes\u00f6ksadress:<br \/>\nFarledsgatan 5 i Residens M\u00e4laren p\u00e5 Lill\u00e5udden<br \/>\nGatuparkering finns p\u00e5 Sj\u00f6m\u00e4rkesgatan mot Farledsgatan<br \/>\n<a href=\"mailto:attila.flamborg@spino.se\">attila@spino.se<\/a><\/p>\n<p>Simon Flamborg<br \/>\nTidsbokning: Knappen nedan eller 0769-466639<br \/>\nBes\u00f6ksadress: Vegagatan 2<br \/>\nBes\u00f6ksparkering finns utanf\u00f6r lokalen.<br \/>\n<a href=\"mailto:simon@spino.se\">simon@spino.se<\/a><\/p>\n<p><a href=\"https:\/\/www.bokadirekt.se\/places\/spino-friskv\u00e5rd-49837\" target=\"_blank\" rel=\"noopener\"><img decoding=\"async\" src=\"https:\/\/foretag.bokadirekt.se\/bokatid\/BokaTid_Gron_MorkBakgrund_90px.png\" alt=\"Boka tid\" border=\"0\" \/><\/a><\/p>\n<p>Det g\u00e5r ocks\u00e5 bra att\u00a0fylla i blanketten nedan.<\/p>\n<form method=\"post\" id=\"cntctfrm_contact_form\" class=\"cntctfrm_contact_form cntctfrm_one_column cntctfrm_ltr cntctfrm_width_default\" action=\"\/index.php?rest_route=%2Fwp%2Fv2%2Fpages%2F106#cntctfrm_contact_form\" enctype=\"multipart\/form-data\"><div id=\"cntctfrm_first_column\" class=\"cntctfrm_column\"><div class=\"cntctfrm_field_wrap cntctfrm_field_name_wrap\"namecontact><div class=\"cntctfrm_label cntctfrm_label_name\">\n\t\t\t\t\t\t\t\t\t<label for=\"cntctfrm_contact_name\">Namn: <span class=\"required\">*<\/span><\/label><\/div><div class=\"cntctfrm_input cntctfrm_input_name\">\n\t\t\t\t\t\t\t\t\t<input namecontact class=\"text\" type=\"text\" size=\"40\" pattern=\"^([\\p{L}\\p{M}]{2,}(\\s)*(\\p{L}+\\p{M}*-*){1,})|([\\p{L}\\p{M}]{3,})\" title=\"V\u00e4nligen ange endast bokst\u00e4ver med minst 3 tecken, ord separerade med mellanslag\" value=\"\" name=\"cntctfrm_contact_name\" id=\"cntctfrm_contact_name\" \/><\/div><\/div><div class=\"cntctfrm_field_wrap cntctfrm_field_email_wrap\"email><div class=\"cntctfrm_label cntctfrm_label_email\">\n\t\t\t\t\t\t\t\t\t<label for=\"cntctfrm_contact_email\">E-postadress: <span class=\"required\">*<\/span><\/label>\n\t\t\t\t\t\t\t\t<\/div><div class=\"cntctfrm_input cntctfrm_input_email\">\n\t\t\t\t\t\t\t\t\t<input email class=\"text\" type=\"email\" size=\"40\" value=\"\" name=\"cntctfrm_contact_email\" id=\"cntctfrm_contact_email\" \/><\/div><\/div><div class=\"cntctfrm_field_wrap cntctfrm_field_subject_wrap\"subject><div class=\"cntctfrm_label cntctfrm_label_subject\">\n\t\t\t\t\t\t\t\t\t<label for=\"cntctfrm_contact_subject\">\u00c4mne: <span class=\"required\">*<\/span><\/label>\n\t\t\t\t\t\t\t\t<\/div><div class=\"cntctfrm_input cntctfrm_input_subject\">\n\t\t\t\t\t\t\t\t<input subject pattern=\"^([\\p{M}\\p{L}]{1,}(\\s\\p{M}*\\p{L}+-*)*){3,}\" title=\"V\u00e4nligen ange endast bokst\u00e4ver med minst 3 tecken, ord separerade med mellanslag\" class=\"text\" type=\"text\" size=\"40\" value=\"\" name=\"cntctfrm_contact_subject\" id=\"cntctfrm_contact_subject\" \/><\/div><\/div><div class=\"cntctfrm_field_wrap cntctfrm_field_message_wrap\"message><div class=\"cntctfrm_label cntctfrm_label_message\">\n\t\t\t\t\t\t\t\t<label for=\"cntctfrm_contact_message\">Meddelande: <span class=\"required\">*<\/span><\/label>\n\t\t\t\t\t\t\t<\/div><div class=\"cntctfrm_input cntctfrm_input_message\">\n\t\t\t\t\t\t\t\t<textarea message rows=\"5\" cols=\"30\"name=\"cntctfrm_contact_message\" id=\"cntctfrm_contact_message\"><\/textarea><\/div><\/div><\/div><div class=\"clear\"><\/div><div class=\"cntctfrm_submit_wrap\"><div id=\"cntctfrm_submit_first_column\" class=\"cntctfrm_column\"><div class=\"cntctfrm_input cntctfrm_input_submit\"><input type=\"hidden\" value=\"send\" name=\"cntctfrm_contact_action\">\n\t\t\t\t\t\t\t<input type=\"hidden\" value=\"default\" name=\"cntctfrm_language\">\n\t\t\t\t\t\t\t<input type=\"hidden\" value=\"1\" name=\"cntctfrm_form_submited\">\n\t\t\t\t\t\t\t<input type=\"hidden\" value=\"cntctfrm_options\" name=\"cntctfrm_options_name\">\n\t\t\t\t\t\t\t<input type=\"submit\" value=\"Skicka\" class=\"cntctfrm_contact_submit\" \/>\n\t\t\t\t\t\t<\/div><\/div><div id=\"cntctfrm_submit_second_column\" class=\"cntctfrm_column\"><\/div><div class=\"clear\"><\/div>\n\t\t\t<\/div>\n\t\t\t<\/form>\n","protected":false},"excerpt":{"rendered":"<p>Postadress: Spino Friskv\u00e5rd AB (org.nr 556314-3147) Vegagatan 2 722 23 V\u00e4ster\u00e5s Tel. 021-38 20 80 info@spino.se Kontaktpersoner: Joakim Andersson Tidsbokning: 0707-41 09 76 Bes\u00f6ksadress: Vegagatan 2 Bes\u00f6ksparkering finns utanf\u00f6r lokalen. jocke@spino.se Attila Flamborg Tidsbokning: 0708-111 639 Bes\u00f6ksadress: Farledsgatan 5 i Residens M\u00e4laren p\u00e5 Lill\u00e5udden Gatuparkering finns p\u00e5 Sj\u00f6m\u00e4rkesgatan mot Farledsgatan attila@spino.se Simon Flamborg Tidsbokning: Knappen &hellip;<\/p>\n<p class=\"read-more\"> <a class=\"\" href=\"https:\/\/www.spino.se\/?page_id=106\"> <span class=\"screen-reader-text\">Kontakta oss<\/span> L\u00e4s mer &raquo;<\/a><\/p>\n","protected":false},"author":1,"featured_media":0,"parent":0,"menu_order":0,"comment_status":"closed","ping_status":"open","template":"","meta":{"site-sidebar-layout":"default","site-content-layout":"default","ast-global-header-display":"","ast-main-header-display":"","ast-hfb-above-header-display":"","ast-hfb-below-header-display":"","ast-hfb-mobile-header-display":"","site-post-title":"","ast-breadcrumbs-content":"","ast-featured-img":"","footer-sml-layout":"","theme-transparent-header-meta":"","adv-header-id-meta":"","stick-header-meta":"","header-above-stick-meta":"","header-main-stick-meta":"","header-below-stick-meta":"","footnotes":""},"class_list":["post-106","page","type-page","status-publish","hentry"],"_links":{"self":[{"href":"https:\/\/www.spino.se\/index.php?rest_route=\/wp\/v2\/pages\/106","targetHints":{"allow":["GET"]}}],"collection":[{"href":"https:\/\/www.spino.se\/index.php?rest_route=\/wp\/v2\/pages"}],"about":[{"href":"https:\/\/www.spino.se\/index.php?rest_route=\/wp\/v2\/types\/page"}],"author":[{"embeddable":true,"href":"https:\/\/www.spino.se\/index.php?rest_route=\/wp\/v2\/users\/1"}],"replies":[{"embeddable":true,"href":"https:\/\/www.spino.se\/index.php?rest_route=%2Fwp%2Fv2%2Fcomments&post=106"}],"version-history":[{"count":14,"href":"https:\/\/www.spino.se\/index.php?rest_route=\/wp\/v2\/pages\/106\/revisions"}],"predecessor-version":[{"id":355,"href":"https:\/\/www.spino.se\/index.php?rest_route=\/wp\/v2\/pages\/106\/revisions\/355"}],"wp:attachment":[{"href":"https:\/\/www.spino.se\/index.php?rest_route=%2Fwp%2Fv2%2Fmedia&parent=106"}],"curies":[{"name":"wp","href":"https:\/\/api.w.org\/{rel}","templated":true}]}}